{"id":1163,"date":"2021-03-01T14:40:33","date_gmt":"2021-03-01T13:40:33","guid":{"rendered":"https:\/\/www.gswarta.pl\/?page_id=1163"},"modified":"2021-03-01T14:40:34","modified_gmt":"2021-03-01T13:40:34","slug":"piekarnia","status":"publish","type":"page","link":"https:\/\/www.gswarta.pl\/?page_id=1163","title":{"rendered":"Piekarnia"},"content":{"rendered":"\n<h2 class=\"wp-block-heading\">Piekarnia<\/h2>\n\n\n\n<div class=\"spacer\" style=\"width:100%\"><\/div>\n\n\n\n<p>Nasz piekarnia produkuje pieczywo tradycyjne w oparciu o sprawdzone receptury, bez konserwant\u00f3w&nbsp; i polepszaczy oraz ciasta odznaczaj\u0105ce si\u0119 wyj\u0105tkowymi walorami smakowymi. Nasze produkty smakuj\u0105 nawet najbardziej wyrafinowanym smakoszom.&nbsp;W\u015br\u00f3d naszych wyrob\u00f3w znajduje si\u0119 m.in. pieczywo mieszane, \u017cytnie, razowe, wyroby p\u00f3\u0142cukiernicze, ciasta domowe, paszteciki. Obecnie produkujemy oko\u0142o 50&nbsp;rodzaj\u00f3w pieczywa, kt\u00f3re dostarczamy do kilkudziesi\u0119ciu sklep\u00f3w na terenie&nbsp;powiatu sieradzkiego.<\/p>\n\n\n\n<p>W pracy kierujemy si\u0119 sercem, by poprzez nasze wyroby dotrze\u0107 do innych serc. Jako\u015b\u0107 naszego pieczywa to jako\u015b\u0107 naszej pracy. Pieczenie chleba to dla nas co\u015b wi\u0119cej ni\u017c praca. To powo\u0142anie do szlachetnego zawodu piekarza. To duma z codziennej obecno\u015bci naszych wypiek\u00f3w na Pa\u0144stwa sto\u0142ach.&nbsp; Chcemy \u017cy\u0107 w zgodzie z otaczaj\u0105c\u0105 nas przyrod\u0105. Piek\u0105c chleb u\u017cywamy starannie dobranych, naturalnych sk\u0142adnik\u00f3w.<\/p>\n\n\n<p><a href=\"https:\/\/www.gswarta.pl\/wp-content\/uploads\/2021\/03\/asortyment.png\"><img loading=\"lazy\" decoding=\"async\" class=\"aligncenter wp-image-1164 size-full\" src=\"https:\/\/www.gswarta.pl\/wp-content\/uploads\/2021\/03\/asortyment.png\" alt=\"\" width=\"541\" height=\"361\" srcset=\"https:\/\/www.gswarta.pl\/wp-content\/uploads\/2021\/03\/asortyment.png 541w, https:\/\/www.gswarta.pl\/wp-content\/uploads\/2021\/03\/asortyment-300x200.png 300w, https:\/\/www.gswarta.pl\/wp-content\/uploads\/2021\/03\/asortyment-400x267.png 400w\" sizes=\"auto, (max-width: 541px) 100vw, 541px\" \/><\/a><\/p>\n\n\n<p>Wysok\u0105 jako\u015b\u0107 pieczywa gwarantuj\u0105 do\u015bwiadczeni piekarze oraz tradycyjna technologia<\/p>\n\n\n\n<ul class=\"wp-block-list\"><li>\u00a0Wykwalifikowana za\u0142oga<\/li><li>Zakwasy, r\u0119czna obr\u00f3bka wyrob\u00f3w<\/li><li>Szeroki asortyment<\/li><\/ul>\n\n\n\n<p>Stosowana jest Dobra Praktyka Higieniczno Produkcyjna oraz system HACCP zapewniaj\u0105cy bezpiecze\u0144stwo produkowanej \u017cywno\u015bci.<\/p>\n\n\n\n<p>Wypiek pieczywa odbywa si\u0119 w piecu ceramicznym, kt\u00f3rego palenisko wyposa\u017cone jest w palnik retortowy zapewniaj\u0105cy ekologiczny proces spalania bez emisji zanieczyszcze\u0144 do atmosfery, piec obrotowy opalany jest olejem opa\u0142owym.<\/p>\n\n\n\n<p>Ca\u0142y cykl produkcyjny w piekarni jest monitorowany przy wykorzystaniu urz\u0105dze\u0144 telewizji przemys\u0142owej<\/p>\n\n\n\n<p>Piekarnia wielokrotnie zosta\u0142a doceniona w konkursach za tradycyjny spos\u00f3b wypieku i jako\u015b\u0107.<\/p>\n\n\n\n<p>Piekarnia &nbsp;zaprasza do wsp\u00f3\u0142pracy&nbsp;odbiorc\u00f3w pieczywa<\/p>\n\n\n\n<p class=\"has-text-align-center\"><strong>Piekarnia Gminnej Sp\u00f3\u0142dzielni<br>&#8222;Samopomoc Ch\u0142opska&#8221; w Warcie<\/strong><\/p>\n\n\n\n<p class=\"has-text-align-center\">ul.&nbsp;Kaliska 10<br>98-290&nbsp;Warta<br>tel. 43 829-41-40<\/p>\n","protected":false},"excerpt":{"rendered":"<p>Piekarnia Nasz piekarnia produkuje pieczywo tradycyjne w oparciu o sprawdzone receptury, bez konserwant\u00f3w&nbsp; i polepszaczy oraz ciasta odznaczaj\u0105ce si\u0119 wyj\u0105tkowymi walorami smakowymi. Nasze produkty smakuj\u0105 nawet najbardziej wyrafinowanym smakoszom.&nbsp;W\u015br\u00f3d naszych&hellip;<a href=\"https:\/\/www.gswarta.pl\/?page_id=1163\" class=\"more-link\"><span class=\"more-button\">Czytaj dalej<span class=\"screen-reader-text\">Piekarnia<\/span><\/span><\/a><\/p>\n","protected":false},"author":6,"featured_media":0,"parent":0,"menu_order":0,"comment_status":"closed","ping_status":"closed","template":"","meta":{"_monsterinsights_skip_tracking":false,"_monsterinsights_sitenote_active":false,"_monsterinsights_sitenote_note":"","_monsterinsights_sitenote_category":0,"footnotes":""},"class_list":["post-1163","page","type-page","status-publish","hentry"],"_links":{"self":[{"href":"https:\/\/www.gswarta.pl\/index.php?rest_route=\/wp\/v2\/pages\/1163","targetHints":{"allow":["GET"]}}],"collection":[{"href":"https:\/\/www.gswarta.pl\/index.php?rest_route=\/wp\/v2\/pages"}],"about":[{"href":"https:\/\/www.gswarta.pl\/index.php?rest_route=\/wp\/v2\/types\/page"}],"author":[{"embeddable":true,"href":"https:\/\/www.gswarta.pl\/index.php?rest_route=\/wp\/v2\/users\/6"}],"replies":[{"embeddable":true,"href":"https:\/\/www.gswarta.pl\/index.php?rest_route=%2Fwp%2Fv2%2Fcomments&post=1163"}],"version-history":[{"count":1,"href":"https:\/\/www.gswarta.pl\/index.php?rest_route=\/wp\/v2\/pages\/1163\/revisions"}],"predecessor-version":[{"id":1165,"href":"https:\/\/www.gswarta.pl\/index.php?rest_route=\/wp\/v2\/pages\/1163\/revisions\/1165"}],"wp:attachment":[{"href":"https:\/\/www.gswarta.pl\/index.php?rest_route=%2Fwp%2Fv2%2Fmedia&parent=1163"}],"curies":[{"name":"wp","href":"https:\/\/api.w.org\/{rel}","templated":true}]}}