{"id":1166,"date":"2021-03-01T14:48:36","date_gmt":"2021-03-01T13:48:36","guid":{"rendered":"https:\/\/www.gswarta.pl\/?page_id=1166"},"modified":"2021-03-02T09:52:11","modified_gmt":"2021-03-02T08:52:11","slug":"asortyment","status":"publish","type":"page","link":"https:\/\/www.gswarta.pl\/?page_id=1166","title":{"rendered":"Asortyment"},"content":{"rendered":"\n<h2 class=\"wp-block-heading\">Asortyment<\/h2>\n\n\n\n<div class=\"spacer\" style=\"width:100%\"><\/div>\n\n\n\n<p><strong>CHLEB \u017bYTNI NA ZAKWASIE<\/strong>&nbsp;\u2013 produkowany z maki \u017cytniej, wody oraz soli, walory smakowe poprawia dodatek kminku. W chlebie tym nie jest stosowany dodatek m\u0105ki pszennej, zatem jest to pieczywo o niskiej zawarto\u015bci glutenu. W procesie produkcji nie s\u0105 stosowane dro\u017cd\u017ce, dlatego mo\u017ce by\u0107 konsumowany przez alergik\u00f3w uczulonych na dro\u017cd\u017ce piekarnicze.<\/p>\n\n\n<p style=\"text-align: center;\"><a href=\"https:\/\/www.gswarta.pl\/wp-content\/uploads\/2021\/03\/zytni_na_zakwasie.png\"><img loading=\"lazy\" decoding=\"async\" class=\"alignnone wp-image-1167 size-full\" src=\"https:\/\/www.gswarta.pl\/wp-content\/uploads\/2021\/03\/zytni_na_zakwasie.png\" alt=\"\" width=\"590\" height=\"430\" srcset=\"https:\/\/www.gswarta.pl\/wp-content\/uploads\/2021\/03\/zytni_na_zakwasie.png 590w, https:\/\/www.gswarta.pl\/wp-content\/uploads\/2021\/03\/zytni_na_zakwasie-300x219.png 300w, https:\/\/www.gswarta.pl\/wp-content\/uploads\/2021\/03\/zytni_na_zakwasie-274x200.png 274w, https:\/\/www.gswarta.pl\/wp-content\/uploads\/2021\/03\/zytni_na_zakwasie-400x292.png 400w\" sizes=\"auto, (max-width: 590px) 100vw, 590px\" \/><\/a><\/p>\n<p><a href=\"https:\/\/www.gswarta.pl\/wp-content\/uploads\/2021\/03\/zytni_na_zakwasie2.png\"><img loading=\"lazy\" decoding=\"async\" class=\"aligncenter wp-image-1168 size-full\" src=\"https:\/\/www.gswarta.pl\/wp-content\/uploads\/2021\/03\/zytni_na_zakwasie2.png\" alt=\"\" width=\"595\" height=\"434\" srcset=\"https:\/\/www.gswarta.pl\/wp-content\/uploads\/2021\/03\/zytni_na_zakwasie2.png 595w, https:\/\/www.gswarta.pl\/wp-content\/uploads\/2021\/03\/zytni_na_zakwasie2-300x219.png 300w, https:\/\/www.gswarta.pl\/wp-content\/uploads\/2021\/03\/zytni_na_zakwasie2-274x200.png 274w, https:\/\/www.gswarta.pl\/wp-content\/uploads\/2021\/03\/zytni_na_zakwasie2-400x292.png 400w\" sizes=\"auto, (max-width: 595px) 100vw, 595px\" \/><\/a><\/p>\n\n\n<p><strong>CHLEB I BU\u0141KI VITALIS<\/strong>&nbsp;\u2013 produkowane&nbsp; na bazie mielonych ziaren pszenicy i \u017cyta, o du\u017cej zawarto\u015bci b\u0142onnika, wzbogacone wyci\u0105giem z cykorii \u2013 inulin\u0105 obni\u017caj\u0105cym poziom cholesterolu. Rozpuszczalny b\u0142onnik ro\u015blinny INULINA wzmacnia uk\u0142ad odporno\u015bciowy oraz wspomagaj\u0105c rozw\u00f3j mikroflory bakteryjnej w przewodzie pokarmowym u\u0142atwia trawienie.<\/p>\n\n\n<p><a href=\"https:\/\/www.gswarta.pl\/wp-content\/uploads\/2021\/03\/vitalis.png\"><img loading=\"lazy\" decoding=\"async\" class=\"aligncenter wp-image-1169 size-full\" src=\"https:\/\/www.gswarta.pl\/wp-content\/uploads\/2021\/03\/vitalis.png\" alt=\"\" width=\"627\" height=\"418\" srcset=\"https:\/\/www.gswarta.pl\/wp-content\/uploads\/2021\/03\/vitalis.png 627w, https:\/\/www.gswarta.pl\/wp-content\/uploads\/2021\/03\/vitalis-300x200.png 300w, https:\/\/www.gswarta.pl\/wp-content\/uploads\/2021\/03\/vitalis-600x400.png 600w, https:\/\/www.gswarta.pl\/wp-content\/uploads\/2021\/03\/vitalis-400x267.png 400w\" sizes=\"auto, (max-width: 627px) 100vw, 627px\" \/><\/a><\/p>\n\n\n<p><strong>CHLEB GWAREK&nbsp;<\/strong>&nbsp;z orkiszem (stara odmiana pszenicy) \u2013 zawiera w swoim sk\u0142adzie razow\u0105 mak\u0119 ORKISZOW\u0104, s\u0142onacznik, len, grys j\u0119czmienny i \u017cytni. ORKISZ wspomaga kr\u0105\u017cenie i naturalne procesy trawienne, przyczynia si\u0119 do poprawy funkcjonowania systemu nerwowego, pomaga obni\u017cy\u0107 poziom cholesterolu we krwi, pomaga przy zm\u0119czeniu i spadku energii.<\/p>\n\n\n<p><a href=\"https:\/\/www.gswarta.pl\/wp-content\/uploads\/2021\/03\/gwarek.png\"><img loading=\"lazy\" decoding=\"async\" class=\"aligncenter wp-image-1170 size-full\" src=\"https:\/\/www.gswarta.pl\/wp-content\/uploads\/2021\/03\/gwarek.png\" alt=\"\" width=\"666\" height=\"429\" srcset=\"https:\/\/www.gswarta.pl\/wp-content\/uploads\/2021\/03\/gwarek.png 666w, https:\/\/www.gswarta.pl\/wp-content\/uploads\/2021\/03\/gwarek-300x193.png 300w, https:\/\/www.gswarta.pl\/wp-content\/uploads\/2021\/03\/gwarek-310x200.png 310w, https:\/\/www.gswarta.pl\/wp-content\/uploads\/2021\/03\/gwarek-600x386.png 600w, https:\/\/www.gswarta.pl\/wp-content\/uploads\/2021\/03\/gwarek-400x258.png 400w\" sizes=\"auto, (max-width: 666px) 100vw, 666px\" \/><\/a><\/p>\n<p><a href=\"https:\/\/www.gswarta.pl\/wp-content\/uploads\/2021\/03\/gwarek2.png\"><img loading=\"lazy\" decoding=\"async\" class=\"aligncenter wp-image-1171 size-full\" src=\"https:\/\/www.gswarta.pl\/wp-content\/uploads\/2021\/03\/gwarek2.png\" alt=\"\" width=\"666\" height=\"430\" srcset=\"https:\/\/www.gswarta.pl\/wp-content\/uploads\/2021\/03\/gwarek2.png 666w, https:\/\/www.gswarta.pl\/wp-content\/uploads\/2021\/03\/gwarek2-300x194.png 300w, https:\/\/www.gswarta.pl\/wp-content\/uploads\/2021\/03\/gwarek2-310x200.png 310w, https:\/\/www.gswarta.pl\/wp-content\/uploads\/2021\/03\/gwarek2-600x387.png 600w, https:\/\/www.gswarta.pl\/wp-content\/uploads\/2021\/03\/gwarek2-400x258.png 400w\" sizes=\"auto, (max-width: 666px) 100vw, 666px\" \/><\/a><\/p>\n\n\n<p><strong>BU\u0141KA PSZENNA<\/strong>&nbsp;zwyk\u0142a pleciona o gramaturze 100 g z posypk\u0105 maku<\/p>\n\n\n<p><a href=\"https:\/\/www.gswarta.pl\/wp-content\/uploads\/2021\/03\/bulka_pszenna.png\"><img loading=\"lazy\" decoding=\"async\" class=\"aligncenter wp-image-1172 size-full\" src=\"https:\/\/www.gswarta.pl\/wp-content\/uploads\/2021\/03\/bulka_pszenna.png\" alt=\"\" width=\"609\" height=\"438\" srcset=\"https:\/\/www.gswarta.pl\/wp-content\/uploads\/2021\/03\/bulka_pszenna.png 609w, https:\/\/www.gswarta.pl\/wp-content\/uploads\/2021\/03\/bulka_pszenna-300x216.png 300w, https:\/\/www.gswarta.pl\/wp-content\/uploads\/2021\/03\/bulka_pszenna-278x200.png 278w, https:\/\/www.gswarta.pl\/wp-content\/uploads\/2021\/03\/bulka_pszenna-600x432.png 600w, https:\/\/www.gswarta.pl\/wp-content\/uploads\/2021\/03\/bulka_pszenna-400x288.png 400w\" sizes=\"auto, (max-width: 609px) 100vw, 609px\" \/><\/a><\/p>\n\n\n<p><strong>BU\u0141KA PSZENNA SEROWA&nbsp;<\/strong>z ziarnami s\u0142onecznika o gramaturze 80 g z posypk\u0105 sera \u017c\u00f3\u0142tego<\/p>\n\n\n<p><a href=\"https:\/\/www.gswarta.pl\/wp-content\/uploads\/2021\/03\/bulka_serowa.png\"><img loading=\"lazy\" decoding=\"async\" class=\"aligncenter wp-image-1173 size-full\" src=\"https:\/\/www.gswarta.pl\/wp-content\/uploads\/2021\/03\/bulka_serowa.png\" alt=\"\" width=\"627\" height=\"437\" srcset=\"https:\/\/www.gswarta.pl\/wp-content\/uploads\/2021\/03\/bulka_serowa.png 627w, https:\/\/www.gswarta.pl\/wp-content\/uploads\/2021\/03\/bulka_serowa-300x209.png 300w, https:\/\/www.gswarta.pl\/wp-content\/uploads\/2021\/03\/bulka_serowa-287x200.png 287w, https:\/\/www.gswarta.pl\/wp-content\/uploads\/2021\/03\/bulka_serowa-600x418.png 600w, https:\/\/www.gswarta.pl\/wp-content\/uploads\/2021\/03\/bulka_serowa-400x279.png 400w\" sizes=\"auto, (max-width: 627px) 100vw, 627px\" \/><\/a><\/p>\n\n\n<p><strong>BU\u0141KA GRAHAM<\/strong>&nbsp;o gramaturze 80 g produkowana z m\u0105ki \u017cytniej, m\u0105ki pszennej oraz razowej pszennej<\/p>\n\n\n<p><a href=\"https:\/\/www.gswarta.pl\/wp-content\/uploads\/2021\/03\/bulka_graham.png\"><img loading=\"lazy\" decoding=\"async\" class=\"aligncenter wp-image-1174 size-full\" src=\"https:\/\/www.gswarta.pl\/wp-content\/uploads\/2021\/03\/bulka_graham.png\" alt=\"\" width=\"625\" height=\"443\" srcset=\"https:\/\/www.gswarta.pl\/wp-content\/uploads\/2021\/03\/bulka_graham.png 625w, https:\/\/www.gswarta.pl\/wp-content\/uploads\/2021\/03\/bulka_graham-300x213.png 300w, https:\/\/www.gswarta.pl\/wp-content\/uploads\/2021\/03\/bulka_graham-282x200.png 282w, https:\/\/www.gswarta.pl\/wp-content\/uploads\/2021\/03\/bulka_graham-600x425.png 600w, https:\/\/www.gswarta.pl\/wp-content\/uploads\/2021\/03\/bulka_graham-400x284.png 400w\" sizes=\"auto, (max-width: 625px) 100vw, 625px\" \/><\/a><\/p>\n\n\n<p><strong>BU\u0141KA Z ZIARNAMI<\/strong>&nbsp;o gramaturze 80 g produkowana z m\u0105ki pszennej z dodatkiem mieszanki ziaren oraz zaciemniacza s\u0142odowego<\/p>\n\n\n<p><a href=\"https:\/\/www.gswarta.pl\/wp-content\/uploads\/2021\/03\/bulka_z_ziarnami.png\"><img loading=\"lazy\" decoding=\"async\" class=\"aligncenter wp-image-1175 size-full\" src=\"https:\/\/www.gswarta.pl\/wp-content\/uploads\/2021\/03\/bulka_z_ziarnami.png\" alt=\"\" width=\"643\" height=\"464\" srcset=\"https:\/\/www.gswarta.pl\/wp-content\/uploads\/2021\/03\/bulka_z_ziarnami.png 643w, https:\/\/www.gswarta.pl\/wp-content\/uploads\/2021\/03\/bulka_z_ziarnami-300x216.png 300w, https:\/\/www.gswarta.pl\/wp-content\/uploads\/2021\/03\/bulka_z_ziarnami-277x200.png 277w, https:\/\/www.gswarta.pl\/wp-content\/uploads\/2021\/03\/bulka_z_ziarnami-600x433.png 600w, https:\/\/www.gswarta.pl\/wp-content\/uploads\/2021\/03\/bulka_z_ziarnami-400x289.png 400w\" sizes=\"auto, (max-width: 643px) 100vw, 643px\" \/><\/a><\/p>","protected":false},"excerpt":{"rendered":"<p>Asortyment CHLEB \u017bYTNI NA ZAKWASIE&nbsp;\u2013 produkowany z maki \u017cytniej, wody oraz soli, walory smakowe poprawia dodatek kminku. W chlebie tym nie jest stosowany dodatek m\u0105ki pszennej, zatem jest to pieczywo&hellip;<a href=\"https:\/\/www.gswarta.pl\/?page_id=1166\" class=\"more-link\"><span class=\"more-button\">Czytaj dalej<span class=\"screen-reader-text\">Asortyment<\/span><\/span><\/a><\/p>\n","protected":false},"author":6,"featured_media":0,"parent":0,"menu_order":0,"comment_status":"closed","ping_status":"closed","template":"","meta":{"_monsterinsights_skip_tracking":false,"_monsterinsights_sitenote_active":false,"_monsterinsights_sitenote_note":"","_monsterinsights_sitenote_category":0,"footnotes":""},"class_list":["post-1166","page","type-page","status-publish","hentry"],"_links":{"self":[{"href":"https:\/\/www.gswarta.pl\/index.php?rest_route=\/wp\/v2\/pages\/1166","targetHints":{"allow":["GET"]}}],"collection":[{"href":"https:\/\/www.gswarta.pl\/index.php?rest_route=\/wp\/v2\/pages"}],"about":[{"href":"https:\/\/www.gswarta.pl\/index.php?rest_route=\/wp\/v2\/types\/page"}],"author":[{"embeddable":true,"href":"https:\/\/www.gswarta.pl\/index.php?rest_route=\/wp\/v2\/users\/6"}],"replies":[{"embeddable":true,"href":"https:\/\/www.gswarta.pl\/index.php?rest_route=%2Fwp%2Fv2%2Fcomments&post=1166"}],"version-history":[{"count":2,"href":"https:\/\/www.gswarta.pl\/index.php?rest_route=\/wp\/v2\/pages\/1166\/revisions"}],"predecessor-version":[{"id":1319,"href":"https:\/\/www.gswarta.pl\/index.php?rest_route=\/wp\/v2\/pages\/1166\/revisions\/1319"}],"wp:attachment":[{"href":"https:\/\/www.gswarta.pl\/index.php?rest_route=%2Fwp%2Fv2%2Fmedia&parent=1166"}],"curies":[{"name":"wp","href":"https:\/\/api.w.org\/{rel}","templated":true}]}}