{"id":5,"date":"2021-02-08T13:33:01","date_gmt":"2021-02-08T12:33:01","guid":{"rendered":"https:\/\/www.gswarta.pl\/?page_id=5"},"modified":"2021-03-02T09:48:21","modified_gmt":"2021-03-02T08:48:21","slug":"start","status":"publish","type":"page","link":"https:\/\/www.gswarta.pl\/","title":{"rendered":"Aktualno\u015bci"},"content":{"rendered":"\n<h1 class=\"wp-block-heading\">Aktualno\u015bci<\/h1>\n\n\n\n<div class=\"spacer\" style=\"width:100%\"><\/div>\n\n\n\n<h2 class=\"wp-block-heading\">Termodernizacja<\/h2>\n\n\n\n<p class=\"has-text-align-left\">TERMOMODERNIZACJA \u015aCIANY WSCHODNIEJ BUDYNKU BIUROWEGO WRAZ Z WYMIAN\u0104 OKIEN W MIEJSCOWO\u015aCI WARTA UL. KALISKA 7<\/p>\n\n\n\n<p>Warto\u015b\u0107 \u00a0og\u00f3lna zadania:\u00a0\u00a0 \u00a022.055,72 PLN<\/p>\n\n\n\n<p class=\"has-text-align-left\">Wysoko\u015b\u0107 dofinansowania ze \u015brodk\u00f3w Wojew\u00f3dzkiego Funduszu Ochrony \u015arodowiska i\u00a0Gospodarki Wodnej w \u0141odzi:<\/p>\n\n\n\n<p>Forma dofinansowania:\u00a0\u00a0 \u00a0 \u00a0 umorzenie po\u017cyczki \u00a0\u00a0 17.460 PLN<\/p>\n\n\n\n<p class=\"has-text-align-left\">\u00a0Zadanie dofinansowane ze \u015brodk\u00f3w Wojew\u00f3dzkiego Funduszu Ochrony \u015arodowiska i Gospodarki Wodnej w \u0141odzi<\/p>\n\n\n<p><a href=\"https:\/\/www.gswarta.pl\/wp-content\/uploads\/2021\/03\/unnamed.jpg\"><img loading=\"lazy\" decoding=\"async\" class=\"aligncenter wp-image-1113 size-full\" src=\"https:\/\/www.gswarta.pl\/wp-content\/uploads\/2021\/03\/unnamed.jpg\" alt=\"\" width=\"512\" height=\"262\" srcset=\"https:\/\/www.gswarta.pl\/wp-content\/uploads\/2021\/03\/unnamed.jpg 512w, https:\/\/www.gswarta.pl\/wp-content\/uploads\/2021\/03\/unnamed-300x154.jpg 300w, https:\/\/www.gswarta.pl\/wp-content\/uploads\/2021\/03\/unnamed-391x200.jpg 391w, https:\/\/www.gswarta.pl\/wp-content\/uploads\/2021\/03\/unnamed-400x205.jpg 400w\" sizes=\"auto, (max-width: 512px) 100vw, 512px\" \/><\/a><\/p>\n\n\n<p class=\"has-text-align-center\"><strong><a href=\"http:\/\/gswarta.pl\/admin\/portal\/post\/14\/http:\/\/www.wfosigw.lodz.pl\">www.wfosigw.lodz.pl<\/a><\/strong><\/p>\n\n\n<p><a href=\"https:\/\/www.gswarta.pl\/wp-content\/uploads\/2021\/03\/plakat.png\"><img loading=\"lazy\" decoding=\"async\" class=\"aligncenter wp-image-1117 size-full\" src=\"https:\/\/www.gswarta.pl\/wp-content\/uploads\/2021\/03\/plakat.png\" alt=\"\" width=\"1633\" height=\"2312\" srcset=\"https:\/\/www.gswarta.pl\/wp-content\/uploads\/2021\/03\/plakat.png 1633w, https:\/\/www.gswarta.pl\/wp-content\/uploads\/2021\/03\/plakat-212x300.png 212w, https:\/\/www.gswarta.pl\/wp-content\/uploads\/2021\/03\/plakat-141x200.png 141w, https:\/\/www.gswarta.pl\/wp-content\/uploads\/2021\/03\/plakat-768x1087.png 768w, https:\/\/www.gswarta.pl\/wp-content\/uploads\/2021\/03\/plakat-1085x1536.png 1085w, https:\/\/www.gswarta.pl\/wp-content\/uploads\/2021\/03\/plakat-1447x2048.png 1447w, https:\/\/www.gswarta.pl\/wp-content\/uploads\/2021\/03\/plakat-438x620.png 438w, https:\/\/www.gswarta.pl\/wp-content\/uploads\/2021\/03\/plakat-706x1000.png 706w, https:\/\/www.gswarta.pl\/wp-content\/uploads\/2021\/03\/plakat-459x650.png 459w, https:\/\/www.gswarta.pl\/wp-content\/uploads\/2021\/03\/plakat-318x450.png 318w\" sizes=\"auto, (max-width: 1633px) 100vw, 1633px\" \/><\/a><\/p>\n\n\n<div class=\"spacer\" style=\"width:100%\"><\/div>\n\n\n\n<h2 class=\"wp-block-heading\">Projekt Unii Europejskiej<\/h2>\n\n\n\n<p>Realizacja projektu unijnego<\/p>\n\n\n\n<p>Gminna Sp\u00f3\u0142dzielnia \u201eSamopomoc Ch\u0142opska\u201d w Warcie&nbsp;ul. Kaliska 7 zrealizowa\u0142a projekt o numerze WND-RPLD.03.02.00-00-140\/10 pt: \u201eZwi\u0119kszenie konkurencyjno\u015bci piekarni w Warcie poprzez zakup linii technologicznej\u201d z\u0142o\u017cony&nbsp;&nbsp;w ramach Regionalnego Programu Operacyjnego Wojew\u00f3dztwa \u0141\u00f3dzkiego, na lata 2007 \u2013 2013 w ramach III osi priorytetowej: Gospodarka, innowacyjno\u015b\u0107, przedsi\u0119biorczo\u015b\u0107,&nbsp;&nbsp;Dzia\u0142anie III.2: Podnoszenie innowacyjno\u015bci i konkurencyjno\u015bci przedsi\u0119biorstw.<\/p>\n\n\n\n<p>Projekt wsp\u00f3\u0142finansowany przez Uni\u0119 Europejsk\u0105 z Europejskiego Funduszu Rozwoju Regionalnego oraz bud\u017cetu pa\u0144stwa.<\/p>\n\n\n\n<p>Fundusze Europejskie dla rozwoju regionu \u0142\u00f3dzkiego<\/p>\n\n\n<p><a href=\"https:\/\/www.gswarta.pl\/wp-content\/uploads\/2021\/03\/ue-logo.jpg\"><img loading=\"lazy\" decoding=\"async\" class=\"aligncenter wp-image-1124 size-full\" src=\"https:\/\/www.gswarta.pl\/wp-content\/uploads\/2021\/03\/ue-logo.jpg\" alt=\"\" width=\"679\" height=\"98\" srcset=\"https:\/\/www.gswarta.pl\/wp-content\/uploads\/2021\/03\/ue-logo.jpg 679w, https:\/\/www.gswarta.pl\/wp-content\/uploads\/2021\/03\/ue-logo-300x43.jpg 300w, https:\/\/www.gswarta.pl\/wp-content\/uploads\/2021\/03\/ue-logo-600x87.jpg 600w, https:\/\/www.gswarta.pl\/wp-content\/uploads\/2021\/03\/ue-logo-400x58.jpg 400w\" sizes=\"auto, (max-width: 679px) 100vw, 679px\" \/><\/a><\/p>","protected":false},"excerpt":{"rendered":"<p>Aktualno\u015bci Termodernizacja TERMOMODERNIZACJA \u015aCIANY WSCHODNIEJ BUDYNKU BIUROWEGO WRAZ Z WYMIAN\u0104 OKIEN W MIEJSCOWO\u015aCI WARTA UL. KALISKA 7 Warto\u015b\u0107 \u00a0og\u00f3lna zadania:\u00a0\u00a0 \u00a022.055,72 PLN Wysoko\u015b\u0107 dofinansowania ze \u015brodk\u00f3w Wojew\u00f3dzkiego Funduszu Ochrony \u015arodowiska&hellip;<a href=\"https:\/\/www.gswarta.pl\/\" class=\"more-link\"><span class=\"more-button\">Czytaj dalej<span class=\"screen-reader-text\">Aktualno\u015bci<\/span><\/span><\/a><\/p>\n","protected":false},"author":7,"featured_media":0,"parent":0,"menu_order":0,"comment_status":"closed","ping_status":"closed","template":"templates\/right-sidebar.php","meta":{"_monsterinsights_skip_tracking":false,"_monsterinsights_sitenote_active":false,"_monsterinsights_sitenote_note":"","_monsterinsights_sitenote_category":0,"footnotes":""},"class_list":["post-5","page","type-page","status-publish","hentry"],"_links":{"self":[{"href":"https:\/\/www.gswarta.pl\/index.php?rest_route=\/wp\/v2\/pages\/5","targetHints":{"allow":["GET"]}}],"collection":[{"href":"https:\/\/www.gswarta.pl\/index.php?rest_route=\/wp\/v2\/pages"}],"about":[{"href":"https:\/\/www.gswarta.pl\/index.php?rest_route=\/wp\/v2\/types\/page"}],"author":[{"embeddable":true,"href":"https:\/\/www.gswarta.pl\/index.php?rest_route=\/wp\/v2\/users\/7"}],"replies":[{"embeddable":true,"href":"https:\/\/www.gswarta.pl\/index.php?rest_route=%2Fwp%2Fv2%2Fcomments&post=5"}],"version-history":[{"count":65,"href":"https:\/\/www.gswarta.pl\/index.php?rest_route=\/wp\/v2\/pages\/5\/revisions"}],"predecessor-version":[{"id":1312,"href":"https:\/\/www.gswarta.pl\/index.php?rest_route=\/wp\/v2\/pages\/5\/revisions\/1312"}],"wp:attachment":[{"href":"https:\/\/www.gswarta.pl\/index.php?rest_route=%2Fwp%2Fv2%2Fmedia&parent=5"}],"curies":[{"name":"wp","href":"https:\/\/api.w.org\/{rel}","templated":true}]}}