{"id":7,"date":"2021-02-08T13:35:14","date_gmt":"2021-02-08T12:35:14","guid":{"rendered":"https:\/\/www.gswarta.pl\/?page_id=7"},"modified":"2021-03-02T09:31:28","modified_gmt":"2021-03-02T08:31:28","slug":"o-spoldzielni","status":"publish","type":"page","link":"https:\/\/www.gswarta.pl\/?page_id=7","title":{"rendered":"O Sp\u00f3\u0142dzielni"},"content":{"rendered":"\n<h2 class=\"wp-block-heading\">O Sp\u00f3\u0142dzielni<\/h2>\n\n\n\n<div class=\"spacer\" style=\"width:100%\"><\/div>\n\n\n\n<p>Gminna Sp\u00f3\u0142dzielnia &#8222;Samopomoc Ch\u0142opska&#8221; w Warcie powsta\u0142a 10 czerwca 1945r. Powstanie Sp\u00f3\u0142dzielni by\u0142o zas\u0142ug\u0105 samych rolnik\u00f3w, kt\u00f3rzy dla swej dzia\u0142alno\u015bci rolniczej chcieli mie\u0107 zaplecze w postaci rynku zbytu oraz mo\u017cliwo\u015bci zakupu \u015brodow do produkcji rolnej. Terenem dzia\u0142ania by\u0142a i praktycznie jest Gmina Warta. Ca\u0142y obecny maj\u0105tek Sp\u00f3\u0142dzielni jest wybudowany i zakupiony ze \u015brodk\u00f3w wypracowanych przez cz\u0142onk\u00f3w. W chwili obecnej prowadzimy nast\u0119puj\u0105ce dzia\u0142alno\u015bci:<\/p>\n\n\n\n<ul class=\"wp-block-list\"><li>produkcj\u0119 i sprzeda\u017c pieczywa i wyrob\u00f3w cukierniczych<\/li><li>handel artyku\u0142ami spo\u017cywczo \u2013 przemys\u0142owymi w sieci w\u0142asnych plac\u00f3wek detalicznych<\/li><li>zaopatrzenie w \u015brodki do produkcji rolnej na 3 bazach magazynowych<\/li><li>sprzeda\u017c opa\u0142u, materia\u0142\u00f3w budowlanych<\/li><li>skup p\u0142od\u00f3w rolnych i z\u0142omu stalowego<\/li><li>skup trzody chlewnej<\/li><li>sprzeda\u017c \u015brodk\u00f3w ochrony ro\u015blin<\/li><\/ul>\n","protected":false},"excerpt":{"rendered":"<p>O Sp\u00f3\u0142dzielni Gminna Sp\u00f3\u0142dzielnia &#8222;Samopomoc Ch\u0142opska&#8221; w Warcie powsta\u0142a 10 czerwca 1945r. Powstanie Sp\u00f3\u0142dzielni by\u0142o zas\u0142ug\u0105 samych rolnik\u00f3w, kt\u00f3rzy dla swej dzia\u0142alno\u015bci rolniczej chcieli mie\u0107 zaplecze w postaci rynku zbytu&hellip;<a href=\"https:\/\/www.gswarta.pl\/?page_id=7\" class=\"more-link\"><span class=\"more-button\">Czytaj dalej<span class=\"screen-reader-text\">O Sp\u00f3\u0142dzielni<\/span><\/span><\/a><\/p>\n","protected":false},"author":7,"featured_media":0,"parent":0,"menu_order":0,"comment_status":"closed","ping_status":"closed","template":"templates\/right-sidebar.php","meta":{"_monsterinsights_skip_tracking":false,"_monsterinsights_sitenote_active":false,"_monsterinsights_sitenote_note":"","_monsterinsights_sitenote_category":0,"footnotes":""},"class_list":["post-7","page","type-page","status-publish","hentry"],"_links":{"self":[{"href":"https:\/\/www.gswarta.pl\/index.php?rest_route=\/wp\/v2\/pages\/7","targetHints":{"allow":["GET"]}}],"collection":[{"href":"https:\/\/www.gswarta.pl\/index.php?rest_route=\/wp\/v2\/pages"}],"about":[{"href":"https:\/\/www.gswarta.pl\/index.php?rest_route=\/wp\/v2\/types\/page"}],"author":[{"embeddable":true,"href":"https:\/\/www.gswarta.pl\/index.php?rest_route=\/wp\/v2\/users\/7"}],"replies":[{"embeddable":true,"href":"https:\/\/www.gswarta.pl\/index.php?rest_route=%2Fwp%2Fv2%2Fcomments&post=7"}],"version-history":[{"count":34,"href":"https:\/\/www.gswarta.pl\/index.php?rest_route=\/wp\/v2\/pages\/7\/revisions"}],"predecessor-version":[{"id":1280,"href":"https:\/\/www.gswarta.pl\/index.php?rest_route=\/wp\/v2\/pages\/7\/revisions\/1280"}],"wp:attachment":[{"href":"https:\/\/www.gswarta.pl\/index.php?rest_route=%2Fwp%2Fv2%2Fmedia&parent=7"}],"curies":[{"name":"wp","href":"https:\/\/api.w.org\/{rel}","templated":true}]}}